{"id":702,"date":"2024-10-26T21:46:34","date_gmt":"2024-10-27T01:46:34","guid":{"rendered":"https:\/\/staging.atv-vtteo.org\/a-propos\/"},"modified":"2026-04-15T20:43:27","modified_gmt":"2026-04-16T00:43:27","slug":"a-propos","status":"publish","type":"page","link":"https:\/\/staging.atv-vtteo.org\/fr\/a-propos\/","title":{"rendered":"\u00c0 propos"},"content":{"rendered":"\n<div class=\"wp-block-cover alignfull\"><span aria-hidden=\"true\" class=\"wp-block-cover__background has-background-dim\" style=\"background-color:#68594a\"><\/span><img loading=\"lazy\" decoding=\"async\" width=\"1206\" height=\"1620\" src=\"https:\/\/staging.atv-vtteo.org\/wp-content\/uploads\/2025\/01\/Image_20250109_190453_297.jpeg?wsr\" class=\"wp-block-cover__image-background wp-post-image\" alt=\"\" data-object-fit=\"cover\" srcset=\"https:\/\/staging.atv-vtteo.org\/wp-content\/uploads\/2025\/01\/Image_20250109_190453_297.jpeg 1206w, https:\/\/staging.atv-vtteo.org\/wp-content\/uploads\/2025\/01\/Image_20250109_190453_297-223x300.jpeg 223w, https:\/\/staging.atv-vtteo.org\/wp-content\/uploads\/2025\/01\/Image_20250109_190453_297-762x1024.jpeg 762w, https:\/\/staging.atv-vtteo.org\/wp-content\/uploads\/2025\/01\/Image_20250109_190453_297-768x1032.jpeg 768w, https:\/\/staging.atv-vtteo.org\/wp-content\/uploads\/2025\/01\/Image_20250109_190453_297-1143x1536.jpeg 1143w, https:\/\/staging.atv-vtteo.org\/wp-content\/uploads\/2025\/01\/Image_20250109_190453_297-200x269.jpeg 200w\" sizes=\"auto, (max-width: 1206px) 100vw, 1206px\" \/><div class=\"wp-block-cover__inner-container is-layout-flow wp-block-cover-is-layout-flow\">\n<h2 class=\"wp-block-heading alignfull has-text-align-center\" style=\"letter-spacing:50px;text-transform:uppercase\">\u00c0 propos<\/h2>\n<\/div><\/div>\n\n<h2 class=\"wp-block-heading has-text-align-center\" style=\"letter-spacing:5px;text-transform:uppercase\"><strong>Histoire et contexte<\/strong><\/h2>\n\n<p>Le Club de VTT de l&rsquo;est de l&rsquo;Ontario Inc, fond\u00e9 en 2005, sert principalement les int\u00e9r\u00eats des amateurs de VTT dans l&rsquo;Est de l&rsquo;Ontario et son objectif principal est de promouvoir l&rsquo;utilisation s\u00e9curitaire des VTT. \u00c0 cet \u00e9gard, le Club a \u00e9tabli et entretient plusieurs sentiers qui sont principalement situ\u00e9s dans le comt\u00e9 de Prescott et Russell. Toutes les activit\u00e9s du Club sont men\u00e9es par des b\u00e9n\u00e9voles.  <\/p>\n\n<div class=\"wp-block-group team-members-pattern p-animation-zoom-in is-layout-constrained wp-block-group-is-layout-constrained\" style=\"padding-top:var(--wp--preset--spacing--large);padding-bottom:var(--wp--preset--spacing--large)\">\n<h2 class=\"wp-block-heading has-text-align-center has-large-font-size\" style=\"letter-spacing:5px;text-transform:uppercase\">Directeurs<\/h2>\n\n\n\n<div style=\"height:16px\" aria-hidden=\"true\" class=\"wp-block-spacer\"><\/div>\n\n\n\n<p class=\"has-text-align-center\">Nous sommes tous des b\u00e9n\u00e9voles et des passionn\u00e9s<\/p>\n\n\n\n<div class=\"wp-block-columns is-layout-flex wp-container-core-columns-is-layout-b8f50212 wp-block-columns-is-layout-flex\" style=\"padding-top:0;padding-right:0;padding-bottom:0;padding-left:0\">\n<div class=\"wp-block-column is-layout-flow wp-block-column-is-layout-flow\" style=\"padding-top:var(--wp--preset--spacing--small);padding-bottom:var(--wp--preset--spacing--small)\">\n<figure class=\"wp-block-image aligncenter size-full is-resized has-custom-border\"><img loading=\"lazy\" decoding=\"async\" width=\"225\" height=\"225\" src=\"https:\/\/staging.atv-vtteo.org\/wp-content\/uploads\/2024\/10\/james.jpeg\" alt=\"\" class=\"wp-image-65\" style=\"border-radius:50%;object-fit:cover;width:120px;height:120px\" srcset=\"https:\/\/staging.atv-vtteo.org\/wp-content\/uploads\/2024\/10\/james.jpeg 225w, https:\/\/staging.atv-vtteo.org\/wp-content\/uploads\/2024\/10\/james-150x150.jpeg 150w, https:\/\/staging.atv-vtteo.org\/wp-content\/uploads\/2024\/10\/james-200x200.jpeg 200w\" sizes=\"auto, (max-width: 225px) 100vw, 225px\" \/><\/figure>\n\n\n\n<h4 class=\"wp-block-heading has-text-align-center has-normal-font-size\">James Ward<\/h4>\n\n\n\n<p class=\"has-text-align-center has-small-font-size\"><a href=\"mailto:james@atv-vtteo.org\">james@atv-vtteo.org<\/a><\/p>\n\n\n\n<p class=\"has-text-align-center has-normal-font-size\">Pr\u00e9sident<\/p>\n<\/div>\n\n\n\n<div class=\"wp-block-column is-layout-flow wp-block-column-is-layout-flow\" style=\"padding-top:var(--wp--preset--spacing--small);padding-bottom:var(--wp--preset--spacing--small)\">\n<figure class=\"wp-block-image aligncenter size-full is-resized has-custom-border\"><img loading=\"lazy\" decoding=\"async\" width=\"225\" height=\"225\" src=\"https:\/\/staging.atv-vtteo.org\/wp-content\/uploads\/2024\/10\/gilles.jpeg\" alt=\"\" class=\"wp-image-70\" style=\"border-width:px;border-radius:50%;object-fit:cover;width:120px;height:120px\" srcset=\"https:\/\/staging.atv-vtteo.org\/wp-content\/uploads\/2024\/10\/gilles.jpeg 225w, https:\/\/staging.atv-vtteo.org\/wp-content\/uploads\/2024\/10\/gilles-150x150.jpeg 150w, https:\/\/staging.atv-vtteo.org\/wp-content\/uploads\/2024\/10\/gilles-200x200.jpeg 200w\" sizes=\"auto, (max-width: 225px) 100vw, 225px\" \/><\/figure>\n\n\n\n<h4 class=\"wp-block-heading has-text-align-center has-normal-font-size\">Gilles Cloutier<\/h4>\n\n\n\n<p class=\"has-text-align-center has-small-font-size\"><a href=\"mailto:gilles@atv-vtteo.org\" data-type=\"mailto\" data-id=\"mailto:butch@atv-vtteo.org\">gilles@atv-vtteo.org<\/a><\/p>\n\n\n\n<p class=\"has-text-align-center has-normal-font-size\">Vice-President<\/p>\n<\/div>\n\n\n\n<div class=\"wp-block-column is-layout-flow wp-block-column-is-layout-flow\" style=\"padding-top:var(--wp--preset--spacing--small);padding-right:0;padding-bottom:var(--wp--preset--spacing--small);padding-left:0\">\n<figure class=\"wp-block-image aligncenter size-full is-resized has-custom-border\"><img loading=\"lazy\" decoding=\"async\" width=\"225\" height=\"225\" src=\"https:\/\/staging.atv-vtteo.org\/wp-content\/uploads\/2024\/10\/serge-1.jpeg\" alt=\"\" class=\"wp-image-350\" style=\"border-radius:50%;object-fit:cover;width:120px;height:120px\" srcset=\"https:\/\/staging.atv-vtteo.org\/wp-content\/uploads\/2024\/10\/serge-1.jpeg 225w, https:\/\/staging.atv-vtteo.org\/wp-content\/uploads\/2024\/10\/serge-1-150x150.jpeg 150w\" sizes=\"auto, (max-width: 225px) 100vw, 225px\" \/><\/figure>\n\n\n\n<h4 class=\"wp-block-heading has-text-align-center has-normal-font-size\">Serge Huot<\/h4>\n\n\n\n<p class=\"has-text-align-center has-small-font-size\"><a href=\"mailto:serge@atv-vtteo.org\">serge@atv-vtteo.org<\/a><\/p>\n\n\n\n<p class=\"has-text-align-center has-normal-font-size\">Secr\u00e9taire \/ Tr\u00e9sorier \/ Membres<\/p>\n<\/div>\n\n\n\n<div class=\"wp-block-column is-layout-flow wp-block-column-is-layout-flow\" style=\"padding-top:var(--wp--preset--spacing--small);padding-bottom:var(--wp--preset--spacing--small)\">\n<figure class=\"wp-block-image aligncenter size-full is-resized has-custom-border\"><img loading=\"lazy\" decoding=\"async\" width=\"202\" height=\"250\" src=\"https:\/\/staging.atv-vtteo.org\/wp-content\/uploads\/2024\/10\/louis-1.png\" alt=\"\" class=\"wp-image-352\" style=\"border-radius:50%;object-fit:cover;width:120px;height:120px\"\/><\/figure>\n\n\n\n<h4 class=\"wp-block-heading has-text-align-center has-normal-font-size\">Louis Ladouceur<\/h4>\n\n\n\n<p class=\"has-text-align-center has-small-font-size\"><a href=\"mailto:louis@atv-vtteo.org\">louis@atv-vtteo.org<\/a><\/p>\n\n\n\n<p class=\"has-text-align-center has-normal-font-size\">Directeur &#8211; Adjoint entretien des sentiers<\/p>\n<\/div>\n\n\n\n<div class=\"wp-block-column is-layout-flow wp-block-column-is-layout-flow\" style=\"padding-top:var(--wp--preset--spacing--small);padding-bottom:var(--wp--preset--spacing--small)\">\n<figure class=\"wp-block-image aligncenter size-full is-resized has-custom-border\"><img loading=\"lazy\" decoding=\"async\" width=\"225\" height=\"225\" src=\"https:\/\/staging.atv-vtteo.org\/wp-content\/uploads\/2024\/10\/marcel.jpeg\" alt=\"\" class=\"wp-image-349\" style=\"border-radius:50%;object-fit:cover;width:120px;height:120px\" srcset=\"https:\/\/staging.atv-vtteo.org\/wp-content\/uploads\/2024\/10\/marcel.jpeg 225w, https:\/\/staging.atv-vtteo.org\/wp-content\/uploads\/2024\/10\/marcel-150x150.jpeg 150w\" sizes=\"auto, (max-width: 225px) 100vw, 225px\" \/><\/figure>\n\n\n\n<h4 class=\"wp-block-heading has-text-align-center has-normal-font-size\">Marcel Leclair<\/h4>\n\n\n\n<p class=\"has-text-align-center has-small-font-size\"><a href=\"mailto:marcel@atv-vtteo.org\">marcel@atv-vtteo.org<\/a><\/p>\n\n\n\n<p class=\"has-text-align-center has-normal-font-size\">Directeur &#8211; Patrouilleur adjoint<\/p>\n<\/div>\n<\/div>\n\n\n\n<div class=\"wp-block-columns is-layout-flex wp-container-core-columns-is-layout-b8f50212 wp-block-columns-is-layout-flex\" style=\"padding-top:0;padding-right:0;padding-bottom:0;padding-left:0\">\n<div class=\"wp-block-column is-layout-flow wp-block-column-is-layout-flow\" style=\"padding-top:var(--wp--preset--spacing--small);padding-bottom:var(--wp--preset--spacing--small)\">\n<figure class=\"wp-block-image aligncenter size-full is-resized has-custom-border\"><img loading=\"lazy\" decoding=\"async\" width=\"225\" height=\"225\" src=\"https:\/\/staging.atv-vtteo.org\/wp-content\/uploads\/2024\/10\/luc.jpeg\" alt=\"\" class=\"wp-image-63\" style=\"border-radius:50%;object-fit:cover;width:120px;height:120px\" srcset=\"https:\/\/staging.atv-vtteo.org\/wp-content\/uploads\/2024\/10\/luc.jpeg 225w, https:\/\/staging.atv-vtteo.org\/wp-content\/uploads\/2024\/10\/luc-150x150.jpeg 150w, https:\/\/staging.atv-vtteo.org\/wp-content\/uploads\/2024\/10\/luc-200x200.jpeg 200w\" sizes=\"auto, (max-width: 225px) 100vw, 225px\" \/><\/figure>\n\n\n\n<h4 class=\"wp-block-heading has-text-align-center has-normal-font-size\">Luc Fortin<\/h4>\n\n\n\n<p class=\"has-text-align-center has-small-font-size\"><a href=\"mailto:luc@atv-vtteo.org\" data-type=\"mailto\" data-id=\"mailto:luc@atv-vtteo.org\">luc@atv-vtteo.org<\/a><\/p>\n\n\n\n<p class=\"has-text-align-center has-normal-font-size\">Directeur &#8211; Technologies de l&rsquo;information<\/p>\n<\/div>\n\n\n\n<div class=\"wp-block-column is-layout-flow wp-block-column-is-layout-flow\" style=\"padding-top:var(--wp--preset--spacing--small);padding-right:0;padding-bottom:var(--wp--preset--spacing--small);padding-left:0\">\n<figure class=\"wp-block-image aligncenter size-full is-resized has-custom-border\"><img loading=\"lazy\" decoding=\"async\" width=\"225\" height=\"225\" src=\"https:\/\/staging.atv-vtteo.org\/wp-content\/uploads\/2024\/10\/benoit.jpeg\" alt=\"\" class=\"wp-image-72\" style=\"border-radius:50%;object-fit:cover;width:120px;height:120px\" srcset=\"https:\/\/staging.atv-vtteo.org\/wp-content\/uploads\/2024\/10\/benoit.jpeg 225w, https:\/\/staging.atv-vtteo.org\/wp-content\/uploads\/2024\/10\/benoit-150x150.jpeg 150w, https:\/\/staging.atv-vtteo.org\/wp-content\/uploads\/2024\/10\/benoit-200x200.jpeg 200w\" sizes=\"auto, (max-width: 225px) 100vw, 225px\" \/><\/figure>\n\n\n\n<h4 class=\"wp-block-heading has-text-align-center has-normal-font-size\">Beno\u00eet Piquette<\/h4>\n\n\n\n<p class=\"has-text-align-center has-small-font-size\"><a href=\"mailto:benoit@atv-vtteo.org\">benoit@atv-vtteo.org<\/a><\/p>\n\n\n\n<p class=\"has-text-align-center has-normal-font-size\">Directeur &#8211; Activit\u00e9s<\/p>\n<\/div>\n\n\n\n<div class=\"wp-block-column is-layout-flow wp-block-column-is-layout-flow\" style=\"padding-top:var(--wp--preset--spacing--small);padding-right:0;padding-bottom:var(--wp--preset--spacing--small);padding-left:0\">\n<figure class=\"wp-block-image aligncenter size-full is-resized has-custom-border\"><img loading=\"lazy\" decoding=\"async\" width=\"225\" height=\"225\" src=\"https:\/\/staging.atv-vtteo.org\/wp-content\/uploads\/2024\/10\/stephane.jpeg\" alt=\"\" class=\"wp-image-71\" style=\"border-radius:50%;object-fit:cover;width:120px;height:120px\" srcset=\"https:\/\/staging.atv-vtteo.org\/wp-content\/uploads\/2024\/10\/stephane.jpeg 225w, https:\/\/staging.atv-vtteo.org\/wp-content\/uploads\/2024\/10\/stephane-150x150.jpeg 150w, https:\/\/staging.atv-vtteo.org\/wp-content\/uploads\/2024\/10\/stephane-200x200.jpeg 200w\" sizes=\"auto, (max-width: 225px) 100vw, 225px\" \/><\/figure>\n\n\n\n<h4 class=\"wp-block-heading has-text-align-center has-normal-font-size\">Jay Maurente<\/h4>\n\n\n\n<p class=\"has-text-align-center has-small-font-size\"><a href=\"mailto:jay@atv-vtteo.org\">jay@atv-vtteo.org<\/a><\/p>\n\n\n\n<p class=\"has-text-align-center has-normal-font-size\">Directeur &#8211; Sant\u00e9 et S\u00e9curit\u00e9<\/p>\n<\/div>\n\n\n\n<div class=\"wp-block-column is-layout-flow wp-block-column-is-layout-flow\" style=\"padding-top:var(--wp--preset--spacing--small);padding-right:0;padding-bottom:var(--wp--preset--spacing--small);padding-left:0\">\n<figure class=\"wp-block-image aligncenter size-full is-resized has-custom-border\"><img loading=\"lazy\" decoding=\"async\" width=\"225\" height=\"225\" src=\"https:\/\/staging.atv-vtteo.org\/wp-content\/uploads\/2026\/04\/christian.jpg\" alt=\"\" class=\"wp-image-4176\" style=\"border-radius:50%;object-fit:cover;width:120px;height:120px\" srcset=\"https:\/\/staging.atv-vtteo.org\/wp-content\/uploads\/2026\/04\/christian.jpg 225w, https:\/\/staging.atv-vtteo.org\/wp-content\/uploads\/2026\/04\/christian-150x150.jpg 150w, https:\/\/staging.atv-vtteo.org\/wp-content\/uploads\/2026\/04\/christian-200x200.jpg 200w\" sizes=\"auto, (max-width: 225px) 100vw, 225px\" \/><\/figure>\n\n\n\n<h4 class=\"wp-block-heading has-text-align-center has-normal-font-size\">Christian Lalonde<\/h4>\n\n\n\n<p class=\"has-text-align-center has-small-font-size\"><a href=\"mailto:christian@atv-vtteo.org\">christian@atv-vtteo.org<\/a><\/p>\n\n\n\n<p class=\"has-text-align-center has-normal-font-size\">Directeur<\/p>\n<\/div>\n\n\n\n<div class=\"wp-block-column is-layout-flow wp-block-column-is-layout-flow\" style=\"padding-top:var(--wp--preset--spacing--small);padding-right:0;padding-bottom:var(--wp--preset--spacing--small);padding-left:0\">\n<figure class=\"wp-block-image aligncenter size-full is-resized has-custom-border\"><img loading=\"lazy\" decoding=\"async\" width=\"225\" height=\"225\" src=\"https:\/\/staging.atv-vtteo.org\/wp-content\/uploads\/2026\/04\/ray.jpg\" alt=\"\" class=\"wp-image-4178\" style=\"border-radius:50%;object-fit:cover;width:120px;height:120px\" srcset=\"https:\/\/staging.atv-vtteo.org\/wp-content\/uploads\/2026\/04\/ray.jpg 225w, https:\/\/staging.atv-vtteo.org\/wp-content\/uploads\/2026\/04\/ray-150x150.jpg 150w, https:\/\/staging.atv-vtteo.org\/wp-content\/uploads\/2026\/04\/ray-200x200.jpg 200w\" sizes=\"auto, (max-width: 225px) 100vw, 225px\" \/><\/figure>\n\n\n\n<h4 class=\"wp-block-heading has-text-align-center has-normal-font-size\">Ray Mayer<\/h4>\n\n\n\n<p class=\"has-text-align-center has-small-font-size\"><a href=\"mailto:ray@atv-vtteo.org\">ray@atv-vtteo.org<\/a><\/p>\n\n\n\n<p class=\"has-text-align-center has-normal-font-size\">Directeur<\/p>\n<\/div>\n<\/div>\n<\/div>\n\n<h2 class=\"wp-block-heading has-text-align-center\" style=\"letter-spacing:5px;text-transform:uppercase\">Regarder vers l&rsquo;avenir<\/h2>\n\n<p>L&rsquo;objectif \u00e0 long terme du club reste l&rsquo;expansion de son r\u00e9seau de sentiers plus \u00e0 l&rsquo;est et au sud dans l&rsquo;est de l&rsquo;Ontario. L&rsquo;expansion du r\u00e9seau de sentiers d\u00e9pend fortement de l&rsquo;obtention des autorisations n\u00e9cessaires de la part des autorit\u00e9s municipales concern\u00e9es, les propri\u00e9taires de terrains et de la disponibilit\u00e9 des b\u00e9n\u00e9voles. En effet, plus il y aura de b\u00e9n\u00e9voles, plus vite le club pourra ouvrir de nouveaux sentiers et r\u00e9parer les sentiers existants. Nous notons toutefois que le soutien continu des b\u00e9n\u00e9voles a \u00e9t\u00e9 extraordinaire et que nos sentiers sont plus beaux que jamais.<\/p>\n\n<div style=\"height:100px\" aria-hidden=\"true\" class=\"wp-block-spacer\"><\/div>\n\n<h2 class=\"wp-block-heading has-text-align-center\" style=\"letter-spacing:5px;text-transform:uppercase\">Nombre de membres<\/h2>\n<div\r\n    \tclass=\"alignwide wp-block-ctrb-counters\"    id='ctrbCounters-1'\r\n    data-attributes='{&quot;counters&quot;:[{&quot;background&quot;:{&quot;color&quot;:&quot;#0000&quot;,&quot;type&quot;:&quot;solid&quot;},&quot;icon&quot;:{&quot;class&quot;:&quot;fa fa-award&quot;,&quot;fontSize&quot;:50,&quot;color&quot;:&quot;rgba(235, 238, 252, 1)&quot;,&quot;colorType&quot;:&quot;solid&quot;},&quot;number&quot;:{&quot;start&quot;:0,&quot;end&quot;:190,&quot;prefix&quot;:&quot;&quot;,&quot;suffix&quot;:&quot;&quot;,&quot;color&quot;:&quot;rgba(232, 93, 4, 1)&quot;},&quot;label&quot;:{&quot;text&quot;:&quot;2005&quot;,&quot;color&quot;:&quot;rgba(232, 93, 4, 1)&quot;}},{&quot;background&quot;:{&quot;color&quot;:&quot;#0000&quot;,&quot;type&quot;:&quot;solid&quot;},&quot;icon&quot;:{&quot;class&quot;:&quot;fa fa-award&quot;,&quot;fontSize&quot;:50,&quot;color&quot;:&quot;rgba(235, 238, 252, 1)&quot;,&quot;colorType&quot;:&quot;solid&quot;},&quot;number&quot;:{&quot;start&quot;:0,&quot;end&quot;:537,&quot;prefix&quot;:&quot;&quot;,&quot;suffix&quot;:&quot;&quot;,&quot;color&quot;:&quot;rgba(232, 93, 4, 1)&quot;},&quot;label&quot;:{&quot;text&quot;:&quot;2015&quot;,&quot;color&quot;:&quot;rgba(232, 93, 4, 1)&quot;}},{&quot;background&quot;:{&quot;color&quot;:&quot;#0000&quot;,&quot;type&quot;:&quot;solid&quot;},&quot;icon&quot;:{&quot;class&quot;:&quot;fa fa-award&quot;,&quot;fontSize&quot;:50,&quot;color&quot;:&quot;rgba(235, 238, 252, 1)&quot;,&quot;colorType&quot;:&quot;solid&quot;},&quot;number&quot;:{&quot;start&quot;:0,&quot;end&quot;:1612,&quot;prefix&quot;:&quot;&quot;,&quot;suffix&quot;:&quot;&quot;,&quot;color&quot;:&quot;rgba(232, 93, 4, 1)&quot;},&quot;label&quot;:{&quot;text&quot;:&quot;2020&quot;,&quot;color&quot;:&quot;rgba(232, 93, 4, 1)&quot;}},{&quot;background&quot;:{&quot;color&quot;:&quot;#0000&quot;,&quot;type&quot;:&quot;solid&quot;},&quot;icon&quot;:{&quot;class&quot;:&quot;fa fa-award&quot;,&quot;fontSize&quot;:50,&quot;color&quot;:&quot;rgba(235, 238, 252, 1)&quot;,&quot;colorType&quot;:&quot;solid&quot;},&quot;number&quot;:{&quot;start&quot;:0,&quot;end&quot;:1937,&quot;prefix&quot;:&quot;&quot;,&quot;suffix&quot;:&quot;&quot;,&quot;color&quot;:&quot;rgba(232, 93, 4, 1)&quot;},&quot;label&quot;:{&quot;text&quot;:&quot;2022&quot;,&quot;color&quot;:&quot;rgba(232, 93, 4, 1)&quot;}},{&quot;background&quot;:{&quot;color&quot;:&quot;#0000&quot;,&quot;type&quot;:&quot;solid&quot;},&quot;icon&quot;:{&quot;class&quot;:&quot;fa fa-award&quot;,&quot;fontSize&quot;:50,&quot;color&quot;:&quot;rgba(235, 238, 252, 1)&quot;,&quot;colorType&quot;:&quot;solid&quot;},&quot;number&quot;:{&quot;start&quot;:0,&quot;end&quot;:1949,&quot;prefix&quot;:&quot;&quot;,&quot;suffix&quot;:&quot;&quot;,&quot;color&quot;:&quot;rgba(232, 93, 4, 1)&quot;},&quot;label&quot;:{&quot;text&quot;:&quot;2023&quot;,&quot;color&quot;:&quot;rgba(232, 93, 4, 1)&quot;}},{&quot;background&quot;:{&quot;color&quot;:&quot;#0000&quot;,&quot;type&quot;:&quot;solid&quot;},&quot;icon&quot;:{&quot;class&quot;:&quot;fa fa-award&quot;,&quot;fontSize&quot;:50,&quot;color&quot;:&quot;rgba(235, 238, 252, 1)&quot;,&quot;colorType&quot;:&quot;solid&quot;},&quot;number&quot;:{&quot;start&quot;:0,&quot;end&quot;:1866,&quot;prefix&quot;:&quot;&quot;,&quot;suffix&quot;:&quot;&quot;,&quot;color&quot;:&quot;rgba(232, 93, 4, 1)&quot;},&quot;label&quot;:{&quot;text&quot;:&quot;2024&quot;,&quot;color&quot;:&quot;rgba(232, 93, 4, 1)&quot;}},{&quot;background&quot;:{&quot;color&quot;:&quot;#0000&quot;,&quot;type&quot;:&quot;solid&quot;},&quot;icon&quot;:{&quot;class&quot;:&quot;fa fa-award&quot;,&quot;fontSize&quot;:50,&quot;color&quot;:&quot;rgba(235, 238, 252, 1)&quot;,&quot;colorType&quot;:&quot;solid&quot;},&quot;number&quot;:{&quot;start&quot;:0,&quot;end&quot;:1676,&quot;prefix&quot;:&quot;&quot;,&quot;suffix&quot;:&quot;&quot;,&quot;color&quot;:&quot;rgba(232, 93, 4, 1)&quot;},&quot;label&quot;:{&quot;text&quot;:&quot;2025&quot;,&quot;color&quot;:&quot;rgba(232, 93, 4, 1)&quot;}}],&quot;theme&quot;:&quot;theme2&quot;,&quot;separator&quot;:{&quot;char&quot;:&quot;,&quot;},&quot;background&quot;:{&quot;color&quot;:&quot;#0000&quot;,&quot;type&quot;:&quot;solid&quot;,&quot;image&quot;:{&quot;url&quot;:&quot;https:\\\/\\\/i.ibb.co\\\/b18MWMw\\\/open-space-office.jpg&quot;},&quot;overlayColor&quot;:&quot;#000000b3&quot;},&quot;counterWidth&quot;:&quot;200px&quot;,&quot;counterHeight&quot;:&quot;175px&quot;,&quot;isIcon&quot;:false,&quot;counterPadding&quot;:{&quot;vertical&quot;:&quot;20px&quot;,&quot;horizontal&quot;:&quot;20px&quot;,&quot;side&quot;:2,&quot;top&quot;:&quot;20px&quot;,&quot;right&quot;:&quot;20px&quot;,&quot;bottom&quot;:&quot;20px&quot;,&quot;left&quot;:&quot;20px&quot;},&quot;counterBorder&quot;:{&quot;radius&quot;:&quot;15%&quot;,&quot;width&quot;:&quot;3px&quot;,&quot;color&quot;:&quot;rgba(232, 93, 4, 1)&quot;,&quot;side&quot;:&quot;topBottom&quot;,&quot;style&quot;:&quot;groove&quot;},&quot;counterShadow&quot;:{&quot;color&quot;:&quot;#7090b0&quot;,&quot;isInset&quot;:false},&quot;align&quot;:&quot;wide&quot;,&quot;columns&quot;:{&quot;desktop&quot;:3,&quot;tablet&quot;:2,&quot;mobile&quot;:1},&quot;columnGap&quot;:&quot;20px&quot;,&quot;rowGap&quot;:&quot;30px&quot;,&quot;duration&quot;:2000,&quot;padding&quot;:{&quot;vertical&quot;:&quot;20px&quot;,&quot;horizontal&quot;:&quot;0px&quot;},&quot;textAlign&quot;:&quot;center&quot;,&quot;iconSize&quot;:50,&quot;iconPosition&quot;:&quot;top&quot;,&quot;numberTypo&quot;:{&quot;fontSize&quot;:{&quot;desktop&quot;:&quot;48px&quot;,&quot;tablet&quot;:&quot;40px&quot;,&quot;mobile&quot;:&quot;32px&quot;}},&quot;isLabel&quot;:true,&quot;isSubLabel&quot;:false,&quot;labelTypo&quot;:{&quot;fontSize&quot;:{&quot;desktop&quot;:&quot;22px&quot;,&quot;tablet&quot;:&quot;20px&quot;,&quot;mobile&quot;:&quot;18px&quot;}},&quot;subLabelTypo&quot;:{&quot;fontSize&quot;:{&quot;desktop&quot;:&quot;14px&quot;,&quot;tablet&quot;:&quot;12px&quot;,&quot;mobile&quot;:&quot;12px&quot;}},&quot;counterMultiShadow&quot;:[{&quot;hOffset&quot;:&quot;0px&quot;,&quot;vOffset&quot;:&quot;4px&quot;,&quot;blur&quot;:&quot;6px&quot;,&quot;spread&quot;:&quot;-1px&quot;,&quot;color&quot;:&quot;rgba(0, 0, 0, 0.1)&quot;,&quot;isInset&quot;:false},{&quot;hOffset&quot;:&quot;0px&quot;,&quot;vOffset&quot;:&quot;2px&quot;,&quot;blur&quot;:&quot;4px&quot;,&quot;spread&quot;:&quot;-2px&quot;,&quot;color&quot;:&quot;rgba(0, 0, 0, 0.1)&quot;,&quot;isInset&quot;:false}],&quot;counterHoverMultiShadow&quot;:[{&quot;hOffset&quot;:&quot;0px&quot;,&quot;vOffset&quot;:&quot;10px&quot;,&quot;blur&quot;:&quot;15px&quot;,&quot;spread&quot;:&quot;-3px&quot;,&quot;color&quot;:&quot;rgba(0, 0, 0, 0.1)&quot;,&quot;isInset&quot;:false},{&quot;hOffset&quot;:&quot;0px&quot;,&quot;vOffset&quot;:&quot;4px&quot;,&quot;blur&quot;:&quot;6px&quot;,&quot;spread&quot;:&quot;-4px&quot;,&quot;color&quot;:&quot;rgba(0, 0, 0, 0.1)&quot;,&quot;isInset&quot;:false}],&quot;numberBox&quot;:[],&quot;iconContainer&quot;:{&quot;dimensions&quot;:{&quot;height&quot;:&quot;64px&quot;,&quot;width&quot;:&quot;64px&quot;}},&quot;circle&quot;:{&quot;radius&quot;:70,&quot;stroke&quot;:9},&quot;proControls&quot;:{&quot;isReverse&quot;:false,&quot;decimals&quot;:0,&quot;easing&quot;:&quot;linear&quot;,&quot;delay&quot;:0,&quot;repeatOnScroll&quot;:false,&quot;isAnimateIcon&quot;:false,&quot;animationType&quot;:&quot;classic&quot;,&quot;rollingStaggerMode&quot;:&quot;per-counter&quot;,&quot;trigger&quot;:&quot;onVisible&quot;,&quot;customTriggerSelector&quot;:&quot;&quot;}}'\r\n><\/div>\n<div style=\"height:100px\" aria-hidden=\"true\" class=\"wp-block-spacer\"><\/div>\n","protected":false},"excerpt":{"rendered":"<p>Histoire et contexte Le Club de VTT de l&rsquo;est de l&rsquo;Ontario Inc, fond\u00e9 en 2005,&hellip;<\/p>\n","protected":false},"author":1,"featured_media":1546,"parent":0,"menu_order":0,"comment_status":"closed","ping_status":"closed","template":"page-templates\/empty-page.php","meta":{"_acf_changed":false,"_eb_attr":"","footnotes":""},"class_list":["post-702","page","type-page","status-publish","has-post-thumbnail","hentry"],"acf":[],"_links":{"self":[{"href":"https:\/\/staging.atv-vtteo.org\/fr\/wp-json\/wp\/v2\/pages\/702","targetHints":{"allow":["GET"]}}],"collection":[{"href":"https:\/\/staging.atv-vtteo.org\/fr\/wp-json\/wp\/v2\/pages"}],"about":[{"href":"https:\/\/staging.atv-vtteo.org\/fr\/wp-json\/wp\/v2\/types\/page"}],"author":[{"embeddable":true,"href":"https:\/\/staging.atv-vtteo.org\/fr\/wp-json\/wp\/v2\/users\/1"}],"replies":[{"embeddable":true,"href":"https:\/\/staging.atv-vtteo.org\/fr\/wp-json\/wp\/v2\/comments?post=702"}],"version-history":[{"count":27,"href":"https:\/\/staging.atv-vtteo.org\/fr\/wp-json\/wp\/v2\/pages\/702\/revisions"}],"predecessor-version":[{"id":4181,"href":"https:\/\/staging.atv-vtteo.org\/fr\/wp-json\/wp\/v2\/pages\/702\/revisions\/4181"}],"wp:featuredmedia":[{"embeddable":true,"href":"https:\/\/staging.atv-vtteo.org\/fr\/wp-json\/wp\/v2\/media\/1546"}],"wp:attachment":[{"href":"https:\/\/staging.atv-vtteo.org\/fr\/wp-json\/wp\/v2\/media?parent=702"}],"curies":[{"name":"wp","href":"https:\/\/api.w.org\/{rel}","templated":true}]}}