{"id":840,"date":"2024-10-27T01:05:12","date_gmt":"2024-10-27T05:05:12","guid":{"rendered":"https:\/\/staging.atv-vtteo.org\/permis\/"},"modified":"2026-04-04T20:59:53","modified_gmt":"2026-04-05T00:59:53","slug":"permis","status":"publish","type":"page","link":"https:\/\/staging.atv-vtteo.org\/fr\/permis\/","title":{"rendered":"Permis"},"content":{"rendered":"\n<div class=\"wp-block-cover alignfull\"><img loading=\"lazy\" decoding=\"async\" width=\"1024\" height=\"179\" class=\"wp-block-cover__image-background wp-image-1399\" alt=\"\" src=\"https:\/\/staging.atv-vtteo.org\/wp-content\/uploads\/2024\/12\/bg-permits-1024x179.jpg\" data-object-fit=\"cover\" srcset=\"https:\/\/staging.atv-vtteo.org\/wp-content\/uploads\/2024\/12\/bg-permits-1024x179.jpg 1024w, https:\/\/staging.atv-vtteo.org\/wp-content\/uploads\/2024\/12\/bg-permits-300x52.jpg 300w, https:\/\/staging.atv-vtteo.org\/wp-content\/uploads\/2024\/12\/bg-permits-768x134.jpg 768w, https:\/\/staging.atv-vtteo.org\/wp-content\/uploads\/2024\/12\/bg-permits-1536x268.jpg 1536w, https:\/\/staging.atv-vtteo.org\/wp-content\/uploads\/2024\/12\/bg-permits-2048x357.jpg 2048w, https:\/\/staging.atv-vtteo.org\/wp-content\/uploads\/2024\/12\/bg-permits-200x35.jpg 200w\" sizes=\"auto, (max-width: 1024px) 100vw, 1024px\" \/><span aria-hidden=\"true\" class=\"wp-block-cover__background has-background-dim\"><\/span><div class=\"wp-block-cover__inner-container is-layout-flow wp-block-cover-is-layout-flow\">\n<h2 class=\"wp-block-heading alignfull has-text-align-center\" style=\"letter-spacing:50px;text-transform:uppercase\">Permis<\/h2>\n<\/div><\/div>\n\n<div style=\"height:100px\" aria-hidden=\"true\" class=\"wp-block-spacer\"><\/div>\n\n<div class=\"wp-block-columns is-layout-flex wp-container-core-columns-is-layout-28f84493 wp-block-columns-is-layout-flex\">\n<div class=\"wp-block-column is-layout-flow wp-block-column-is-layout-flow\" style=\"flex-basis:33.33%\">\n<figure class=\"wp-block-image size-full\"><img loading=\"lazy\" decoding=\"async\" width=\"289\" height=\"175\" src=\"https:\/\/staging.atv-vtteo.org\/wp-content\/uploads\/2024\/10\/warning.png\" alt=\"\" class=\"wp-image-115\" srcset=\"https:\/\/staging.atv-vtteo.org\/wp-content\/uploads\/2024\/10\/warning.png 289w, https:\/\/staging.atv-vtteo.org\/wp-content\/uploads\/2024\/10\/warning-200x121.png 200w\" sizes=\"auto, (max-width: 289px) 100vw, 289px\" \/><\/figure>\n<\/div>\n\n\n\n<div class=\"wp-block-column is-layout-flow wp-block-column-is-layout-flow\" style=\"flex-basis:66.66%\">\n<p><strong><br\/>Le club de VTT de l&rsquo;est Ontarien souhaite vous informer des politiques et conditions suivantes avant que vous n&rsquo;achetiez un permis d&rsquo;acc\u00e8s aux r\u00e9seaux de sentiers de l&rsquo;OFATV.<\/strong><\/p>\n<\/div>\n<\/div>\n\n<div style=\"height:100px\" aria-hidden=\"true\" class=\"wp-block-spacer\"><\/div>\n\n<ul class=\"wp-block-list\">\n<li>Les syst\u00e8mes de sentiers de l&rsquo;OFATV ne sont pas adapt\u00e9s \u00e0 tous les types de v\u00e9hicules ; de nombreux clubs ont un acc\u00e8s limit\u00e9 ou interdit aux v\u00e9hicules de plus de 50 pouces de large. Renseignez-vous aupr\u00e8s du club local avant de vous aventurer.<\/li>\n\n\n\n<li>L&rsquo;OFATV a fix\u00e9 la largeur maximale des v\u00e9hicules \u00e0 65 pouces (et non la largeur des roues) pour \u00ab TOUS \u00bb les sentiers. Les ponts et autres obstacles sur le sentier peuvent ne pas avoir un d\u00e9gagement suffisant pour accueillir des v\u00e9hicules plus larges.<\/li>\n\n\n\n<li>L&rsquo;OFATV autorise les VTT \u00e0 4 roues, \u00e0 conducteur unique, \u00e0 deux conducteurs et \u00e0 conducteur unique avec un si\u00e8ge et un arceau de s\u00e9curit\u00e9 (Polaris Ace), les v\u00e9hicules \u00e0 plus de 4 roues tels que, mais sans s&rsquo;y limiter, le Can-Am Outlander 6\u00d76 ou le Polaris Trail-Boss, ainsi que les v\u00e9hicules c\u00f4te \u00e0 c\u00f4te (jusqu&rsquo;\u00e0 65&Prime; de largeur totale) sur nos syst\u00e8mes de sentiers. Cela inclut les Roketa et autres buggys de dunes de type similaire, \u00e9tant entendu que les v\u00e9hicules bas de terre peuvent \u00eatre limit\u00e9s sur de nombreux sentiers.<\/li>\n\n\n\n<li>OFATV n&rsquo;autorise pas les camions modifi\u00e9s, les v\u00e9hicules amphibies, les v\u00e9hicules de moins de 4 roues (3 roues ou motos tout-terrain) sur les pistes.<\/li>\n\n\n\n<li>Certains clubs de l&rsquo;OFATV ont des pistes l\u00e9gales d\u00e9sign\u00e9es comme \u00ab \u00e0 usage partag\u00e9 \u00bb, alors que d&rsquo;autres organisations de sports motoris\u00e9s peuvent avoir des accords d&rsquo;utilisation des terres en place qui autorisent les v\u00e9hicules hors route sur des portions de pistes sp\u00e9cifiques qui ne font pas partie de la gamme de v\u00e9hicules accept\u00e9s par l&rsquo;OFATV.<\/li>\n\n\n\n<li>Tout v\u00e9hicule autoris\u00e9 \u00e0 emprunter les sentiers de l&rsquo;OFATV doit \u00eatre immatricul\u00e9 et porter une plaque d&rsquo;immatriculation verte ou toute autre plaque \u00e9quivalente \u00e0 l&rsquo;arri\u00e8re du v\u00e9hicule, ainsi qu&rsquo;une assurance responsabilit\u00e9 civile valide.<\/li>\n\n\n\n<li>Le conducteur et chaque passager DOIVENT porter un casque portant au moins l&rsquo;un des tampons de certification \u00e9num\u00e9r\u00e9s (CSA-D230, BSI, DOT, Snell Memorial, UNEC No. 22) lorsqu&rsquo;ils circulent sur les syst\u00e8mes de pistes de l&rsquo;OFATV. Nous recommandons vivement le port d&rsquo;autres \u00e9quipements de s\u00e9curit\u00e9 tels que : des bottes solides au-dessus de la cheville, une chemise \u00e0 manches longues et un pantalon long, une protection oculaire, une protection corporelle et des gants.<\/li>\n<\/ul>\n\n<p>Pour de plus amples informations sur les exigences l\u00e9gales relatives \u00e0 la conduite d&rsquo;un VTT ou d&rsquo;un VHR en Ontario, consultez la <a href=\"https:\/\/www.ontario.ca\/lois\/loi\/90o04\" target=\"_blank\" rel=\"noreferrer noopener\"><em>loi sur les v\u00e9hicules hors route<\/em> (<abbr title=\"Loi sur les v\u00e9hicules hors route\">ORVA<\/abbr>)<\/a> et<a href=\"https:\/\/www.ontario.ca\/lois\/loi\/90h08\" target=\"_blank\" rel=\"noreferrer noopener\"> le <em>code de la route (Highway Traffic Act).<\/em><\/a><\/p>\n\n<div style=\"height:100px\" aria-hidden=\"true\" class=\"wp-block-spacer\"><\/div>\n\n<div class=\"wp-block-columns is-layout-flex wp-container-core-columns-is-layout-28f84493 wp-block-columns-is-layout-flex\">\n<div class=\"wp-block-column is-layout-flow wp-block-column-is-layout-flow\">\n<div class=\"wp-block-group pattern-pricing-plans is-layout-constrained wp-block-group-is-layout-constrained\" style=\"padding-top:var(--wp--preset--spacing--medium);padding-bottom:var(--wp--preset--spacing--medium)\">\n<h2 class=\"wp-block-heading has-text-align-center p-animation-moveDown\" style=\"letter-spacing:5px;line-height:1.1;text-transform:uppercase\">Permis de sentier pour les membres<\/h2>\n\n\n\n<div class=\"wp-block-columns p-animation-zoom-in is-layout-flex wp-container-core-columns-is-layout-9849ce83 wp-block-columns-is-layout-flex\" style=\"padding-bottom:var(--wp--preset--spacing--medium)\">\n<div class=\"wp-block-column has-silver-blue-background-color has-background is-layout-flow wp-container-core-column-is-layout-06838624 wp-block-column-is-layout-flow\" style=\"padding-top:var(--wp--preset--spacing--small);padding-right:var(--wp--preset--spacing--medium);padding-bottom:var(--wp--preset--spacing--medium);padding-left:var(--wp--preset--spacing--medium)\">\n<h6 class=\"wp-block-heading has-text-align-center has-white-background-color has-background\" style=\"margin-top:1px;margin-right:var(--wp--preset--spacing--small);margin-bottom:1px;margin-left:var(--wp--preset--spacing--small);padding-top:10px;padding-right:10px;padding-bottom:10px;padding-left:10px\">Permis annuel<\/h6>\n\n\n\n<h2 class=\"wp-block-heading has-text-align-center has-primary-color\" style=\"margin-top:var(--wp--preset--spacing--medium);letter-spacing:-3px\">195 $<\/h2>\n\n\n\n<p class=\"has-text-align-center\">(172,57 $ + taxes)<\/p>\n\n\n\n<p class=\"has-text-align-center has-small-font-size\" style=\"padding-bottom:0\">Le prix d&rsquo;une adh\u00e9sion individuelle valable un (1) an \u00e0 compter de la date d&rsquo;achat.<\/p>\n\n\n\n<div class=\"wp-block-buttons alignfull is-content-justification-center is-layout-flex wp-container-core-buttons-is-layout-8a2d06ba wp-block-buttons-is-layout-flex\" style=\"margin-top:var(--wp--preset--spacing--medium)\">\n<div class=\"wp-block-button p-btn-animation-border-move\"><a class=\"wp-block-button__link wp-element-button\" href=\"https:\/\/permits2.ofatv.org\/public\/register\/step-1?club_referrer=atv-vtteo\" style=\"border-radius:6px\" target=\"_blank\" rel=\"noreferrer noopener\">Acheter maintenant<\/a><\/div>\n<\/div>\n<\/div>\n\n\n\n<div class=\"wp-block-column has-silver-blue-background-color has-background is-layout-flow wp-container-core-column-is-layout-06838624 wp-block-column-is-layout-flow\" style=\"padding-top:var(--wp--preset--spacing--small);padding-right:var(--wp--preset--spacing--medium);padding-bottom:var(--wp--preset--spacing--medium);padding-left:var(--wp--preset--spacing--medium)\">\n<h6 class=\"wp-block-heading has-text-align-center has-white-background-color has-background\" style=\"margin-top:1px;margin-right:var(--wp--preset--spacing--small);margin-bottom:1px;margin-left:var(--wp--preset--spacing--small);padding-top:10px;padding-right:10px;padding-bottom:10px;padding-left:10px\">Permis 3 jours<\/h6>\n\n\n\n<h2 class=\"wp-block-heading has-text-align-center has-primary-color\" style=\"margin-top:var(--wp--preset--spacing--medium);letter-spacing:-3px\">70 $<\/h2>\n\n\n\n<p class=\"has-text-align-center\">(61,95 $ + taxes)<\/p>\n\n\n\n<p class=\"has-text-align-center has-small-font-size\" style=\"padding-bottom:0\">Le prix d&rsquo;une adh\u00e9sion individuelle valable trois (3) jours cons\u00e9cutifs.<\/p>\n\n\n\n<div class=\"wp-block-buttons alignfull is-content-justification-center is-layout-flex wp-container-core-buttons-is-layout-8a2d06ba wp-block-buttons-is-layout-flex\" style=\"margin-top:var(--wp--preset--spacing--medium)\">\n<div class=\"wp-block-button p-btn-animation-border-move\"><a class=\"wp-block-button__link wp-element-button\" href=\"https:\/\/permits2.ofatv.org\/public\/register\/step-1?club_referrer=atv-vtteo\" style=\"border-radius:6px\" target=\"_blank\" rel=\"noreferrer noopener\">Acheter maintenant<\/a><\/div>\n<\/div>\n<\/div>\n\n\n\n<div class=\"wp-block-column has-silver-blue-background-color has-background is-layout-flow wp-container-core-column-is-layout-06838624 wp-block-column-is-layout-flow\" style=\"padding-top:var(--wp--preset--spacing--small);padding-right:var(--wp--preset--spacing--medium);padding-bottom:var(--wp--preset--spacing--medium);padding-left:var(--wp--preset--spacing--medium)\">\n<h6 class=\"wp-block-heading has-text-align-center has-white-background-color has-background\" style=\"margin-top:1px;margin-right:var(--wp--preset--spacing--small);margin-bottom:1px;margin-left:var(--wp--preset--spacing--small);padding-top:10px;padding-right:10px;padding-bottom:10px;padding-left:10px\">Permis journalier<\/h6>\n\n\n\n<h2 class=\"wp-block-heading has-text-align-center has-primary-color\" style=\"margin-top:var(--wp--preset--spacing--medium);letter-spacing:-3px\">30 $<\/h2>\n\n\n\n<p class=\"has-text-align-center\">(26,55 $ + taxes)<\/p>\n\n\n\n<p class=\"has-text-align-center has-small-font-size\" style=\"padding-bottom:0\">Le prix d&rsquo;une adh\u00e9sion individuelle valable un (1) jour.<\/p>\n\n\n\n<div class=\"wp-block-buttons alignfull is-content-justification-center is-layout-flex wp-container-core-buttons-is-layout-8a2d06ba wp-block-buttons-is-layout-flex\" style=\"margin-top:var(--wp--preset--spacing--medium)\">\n<div class=\"wp-block-button p-btn-animation-border-move\"><a class=\"wp-block-button__link wp-element-button\" href=\"https:\/\/permits2.ofatv.org\/public\/register\/step-1?club_referrer=atv-vtteo\" style=\"border-radius:6px\" target=\"_blank\" rel=\"noreferrer noopener\">Acheter maintenant<\/a><\/div>\n<\/div>\n<\/div>\n\n\n\n<div class=\"wp-block-column has-gray-background-color has-background is-layout-flow wp-container-core-column-is-layout-06838624 wp-block-column-is-layout-flow\" style=\"padding-top:var(--wp--preset--spacing--small);padding-right:var(--wp--preset--spacing--medium);padding-bottom:var(--wp--preset--spacing--medium);padding-left:var(--wp--preset--spacing--medium)\">\n<h6 class=\"wp-block-heading has-text-align-center has-white-background-color has-background\" style=\"margin-top:1px;margin-right:var(--wp--preset--spacing--small);margin-bottom:1px;margin-left:var(--wp--preset--spacing--small);padding-top:10px;padding-right:10px;padding-bottom:10px;padding-left:10px\">Permis familial \u00b7 3 permis au minimum<\/h6>\n\n\n\n<p class=\"has-text-align-center has-small-font-size\">Les adh\u00e9sions doivent \u00eatre achet\u00e9es en m\u00eame temps. Tous les titulaires de permis doivent r\u00e9sider \u00e0 la m\u00eame adresse. Une preuve de r\u00e9sidence est requise pour chaque adh\u00e9sion achet\u00e9e.<\/p>\n\n\n\n<p class=\"has-text-align-center has-small-font-size\">Permis 1 et 2 : 195,00 $ chacun (172,57 $ + TVH)<br\/>Permis 3 et plus : 125,00 $ chacun (aucune limite) (110,62 $ + TVH)<\/p>\n\n\n\n<div class=\"wp-block-buttons is-content-justification-center is-layout-flex wp-container-core-buttons-is-layout-0c971ed9 wp-block-buttons-is-layout-flex\" style=\"margin-top:var(--wp--preset--spacing--medium)\">\n<div class=\"wp-block-button p-btn-animation-border-move\"><a class=\"wp-block-button__link wp-element-button\" href=\"https:\/\/permits2.ofatv.org\/public\/register\/step-1?club_referrer=atv-vtteo\" style=\"border-radius:6px\" target=\"_blank\" rel=\"noreferrer noopener\">Acheter maintenant<\/a><\/div>\n<\/div>\n<\/div>\n<\/div>\n<\/div>\n<\/div>\n<\/div>\n\n<p>Un peu plus de quarante pour cent (40 %) de vos fonds d\u2019adh\u00e9sion sont utilis\u00e9s pour construire et entretenir des sentiers ATVCEO. C&rsquo;est pourquoi il est extr\u00eamement important d&rsquo; \u00ab\u00a0acheter l\u00e0 o\u00f9 vous roulez\u00a0\u00bb.<\/p>\n\n<p><\/p>\n","protected":false},"excerpt":{"rendered":"<p>Le club de VTT de l&rsquo;est Ontarien souhaite vous informer des politiques et conditions suivantes&hellip;<\/p>\n","protected":false},"author":1,"featured_media":0,"parent":0,"menu_order":0,"comment_status":"closed","ping_status":"closed","template":"page-templates\/empty-page.php","meta":{"_acf_changed":false,"_eb_attr":"","footnotes":""},"class_list":["post-840","page","type-page","status-publish","hentry"],"acf":[],"_links":{"self":[{"href":"https:\/\/staging.atv-vtteo.org\/fr\/wp-json\/wp\/v2\/pages\/840","targetHints":{"allow":["GET"]}}],"collection":[{"href":"https:\/\/staging.atv-vtteo.org\/fr\/wp-json\/wp\/v2\/pages"}],"about":[{"href":"https:\/\/staging.atv-vtteo.org\/fr\/wp-json\/wp\/v2\/types\/page"}],"author":[{"embeddable":true,"href":"https:\/\/staging.atv-vtteo.org\/fr\/wp-json\/wp\/v2\/users\/1"}],"replies":[{"embeddable":true,"href":"https:\/\/staging.atv-vtteo.org\/fr\/wp-json\/wp\/v2\/comments?post=840"}],"version-history":[{"count":22,"href":"https:\/\/staging.atv-vtteo.org\/fr\/wp-json\/wp\/v2\/pages\/840\/revisions"}],"predecessor-version":[{"id":4142,"href":"https:\/\/staging.atv-vtteo.org\/fr\/wp-json\/wp\/v2\/pages\/840\/revisions\/4142"}],"wp:attachment":[{"href":"https:\/\/staging.atv-vtteo.org\/fr\/wp-json\/wp\/v2\/media?parent=840"}],"curies":[{"name":"wp","href":"https:\/\/api.w.org\/{rel}","templated":true}]}}